{"id":97,"date":"2021-05-27T19:56:34","date_gmt":"2021-05-27T22:56:34","guid":{"rendered":"http:\/\/www.rai.ufpr.br\/portal\/?page_id=97"},"modified":"2021-05-29T19:50:06","modified_gmt":"2021-05-29T22:50:06","slug":"rai-v-3-n-1-2018","status":"publish","type":"page","link":"http:\/\/www.rai.ufpr.br\/portal\/rai-v-3-n-1-2018\/","title":{"rendered":"RAI v.3, n.1 (2018)"},"content":{"rendered":"\n<div class=\"wp-block-image\"><figure class=\"aligncenter is-resized\"><img loading=\"lazy\" src=\"http:\/\/www.humanas.ufpr.br\/portal\/nepri\/files\/2018\/09\/41439663_1873246539377414_2358141060745527296_n.png\" alt=\"\" width=\"374\" height=\"529\"\/><\/figure><\/div>\n\n\n\n<h2>SUM\u00c1RIO<\/h2>\n\n\n\n<p><strong><a href=\"http:\/\/www.rai.ufpr.br\/portal\/wp-content\/uploads\/2021\/05\/EDITORIAL-1-1.pdf\"><em>Editorial<\/em><\/a><\/strong><\/p>\n\n\n\n<h2>ARTIGOS<\/h2>\n\n\n\n<p><strong><a href=\"http:\/\/www.rai.ufpr.br\/portal\/wp-content\/uploads\/2021\/05\/Seguranca-humana-e-valores-pos-materialistas-analise-da-politica-externa-canadense.pdf\">Seguran\u00e7a humana e valores p\u00f3s-materialistas: an\u00e1lise da pol\u00edtica externa canadense<\/a><\/strong><br><em>Maria Gabriela Sales Ribeiro, Leonardo M\u00e8rcher, Pedro Leonardo Medeiros<\/em><\/p>\n\n\n\n<p><strong><a href=\"http:\/\/www.rai.ufpr.br\/portal\/wp-content\/uploads\/2021\/05\/A-questao-da-accountability-na-atuacao-do-Painel-de-Inspecao-do-Banco-Mundial-no-periodo-1994-\u2013-2004.pdf\">A quest\u00e3o da accountability na atua\u00e7\u00e3o do Painel de Inspe\u00e7\u00e3o do Banco Mundial no per\u00edodo 1994 \u2013 2004<\/a>&nbsp; &nbsp; &nbsp; &nbsp; &nbsp; &nbsp; &nbsp; <\/strong><em>Guilherme Lipienski<\/em><\/p>\n\n\n\n<p><strong><a href=\"http:\/\/www.rai.ufpr.br\/portal\/wp-content\/uploads\/2021\/05\/Movimentos-sociais-e-democracia-a-Internet-e-a-nova-esfera-publica-global.pdf\">Movimentos sociais e democracia: a Internet e a nova esfera p\u00fablica global<\/a><\/strong><br><em>Valter do Nascimento Coelho<\/em><\/p>\n","protected":false},"excerpt":{"rendered":"<p>SUM\u00c1RIO Editorial ARTIGOS Seguran\u00e7a humana e valores p\u00f3s-materialistas: an\u00e1lise da pol\u00edtica externa canadenseMaria Gabriela Sales Ribeiro, Leonardo M\u00e8rcher, Pedro Leonardo Medeiros A quest\u00e3o da accountability na atua\u00e7\u00e3o do Painel de Inspe\u00e7\u00e3o do Banco Mundial no per\u00edodo 1994 \u2013 2004&nbsp; &nbsp; &nbsp; &nbsp; &nbsp; &nbsp; &nbsp; Guilherme Lipienski Movimentos sociais e democracia: a Internet e a [&hellip;]<\/p>\n","protected":false},"author":1,"featured_media":0,"parent":0,"menu_order":0,"comment_status":"closed","ping_status":"closed","template":"","meta":[],"_links":{"self":[{"href":"http:\/\/www.rai.ufpr.br\/portal\/wp-json\/wp\/v2\/pages\/97"}],"collection":[{"href":"http:\/\/www.rai.ufpr.br\/portal\/wp-json\/wp\/v2\/pages"}],"about":[{"href":"http:\/\/www.rai.ufpr.br\/portal\/wp-json\/wp\/v2\/types\/page"}],"author":[{"embeddable":true,"href":"http:\/\/www.rai.ufpr.br\/portal\/wp-json\/wp\/v2\/users\/1"}],"replies":[{"embeddable":true,"href":"http:\/\/www.rai.ufpr.br\/portal\/wp-json\/wp\/v2\/comments?post=97"}],"version-history":[{"count":4,"href":"http:\/\/www.rai.ufpr.br\/portal\/wp-json\/wp\/v2\/pages\/97\/revisions"}],"predecessor-version":[{"id":159,"href":"http:\/\/www.rai.ufpr.br\/portal\/wp-json\/wp\/v2\/pages\/97\/revisions\/159"}],"wp:attachment":[{"href":"http:\/\/www.rai.ufpr.br\/portal\/wp-json\/wp\/v2\/media?parent=97"}],"curies":[{"name":"wp","href":"https:\/\/api.w.org\/{rel}","templated":true}]}}