{"id":78,"date":"2021-05-27T19:43:45","date_gmt":"2021-05-27T22:43:45","guid":{"rendered":"http:\/\/www.rai.ufpr.br\/portal\/?page_id=78"},"modified":"2021-05-29T19:49:56","modified_gmt":"2021-05-29T22:49:56","slug":"rai-v-2-n-1-2017","status":"publish","type":"page","link":"http:\/\/www.rai.ufpr.br\/portal\/rai-v-2-n-1-2017\/","title":{"rendered":"RAI v.2, n.1 (2017)"},"content":{"rendered":"\n<div class=\"wp-block-image\"><figure class=\"aligncenter is-resized\"><img loading=\"lazy\" src=\"http:\/\/www.humanas.ufpr.br\/portal\/nepri\/files\/2017\/06\/caparai2.png\" alt=\"\" width=\"391\" height=\"553\"\/><\/figure><\/div>\n\n\n\n<h2>SUM\u00c1RIO<\/h2>\n\n\n\n<p><strong><a href=\"http:\/\/www.rai.ufpr.br\/portal\/wp-content\/uploads\/2021\/05\/EDITORIAL-1.pdf\"><em>Editorial<\/em><\/a><\/strong><\/p>\n\n\n\n<h2>ARTIGOS<\/h2>\n\n\n\n<p><strong><a href=\"http:\/\/www.rai.ufpr.br\/portal\/wp-content\/uploads\/2021\/05\/Premissas-teoricas-para-a-construcao-de-uma-Uniao-Energetica-Europeia.pdf\">Premissas te\u00f3ricas para a constru\u00e7\u00e3o de uma Uni\u00e3o Energ\u00e9tica Europeia<\/a><\/strong><br><em>Bruno Rafael Maciel Trentini<\/em><\/p>\n\n\n\n<p><strong><a href=\"http:\/\/www.rai.ufpr.br\/portal\/wp-content\/uploads\/2021\/05\/A-evolucao-da-participacao-chilena-na-UNASUL-e-no-Conselho-de-Defesa-SulAmericano-2008\u20132014.pdf\">A evolu\u00e7\u00e3o da participa\u00e7\u00e3o chilena na UNASUL e no Conselho de Defesa SulAmericano (2008\u20132014)<\/a>  &nbsp; &nbsp;<\/strong><br><em>Lucas de Oliveira Ramos<\/em><\/p>\n\n\n\n<p><strong><a href=\"http:\/\/www.rai.ufpr.br\/portal\/wp-content\/uploads\/2021\/05\/A-importancia-de-individuos-e-ONGs-japonesas-na-protecao-de-refugiados-frente-a-omissao-do-estado.pdf\">A import\u00e2ncia de indiv\u00edduos e ONGs japonesas na prote\u00e7\u00e3o de refugiados frente \u00e0 omiss\u00e3o do estado<\/a><\/strong><br><em>Saph\u00edria Aoi Shimizu<\/em><\/p>\n\n\n\n<p><strong><a href=\"http:\/\/www.rai.ufpr.br\/portal\/wp-content\/uploads\/2021\/05\/Politica-Externa-e-Interesse-Nacional-a-Parceria-Estrategica-nas-Relacoes-do-Sistema-Internacional.pdf\">Pol\u00edtica Externa e Interesse Nacional: a Parceria Estrat\u00e9gica nas Rela\u00e7\u00f5es do Sistema Internacional<\/a><\/strong><br><em>Betina Thomaz Sauter<\/em><\/p>\n\n\n\n<p><strong><a href=\"http:\/\/www.rai.ufpr.br\/portal\/wp-content\/uploads\/2021\/05\/Como-o-Minimanual-do-Guerrilheiro-Urbano-foi-utilizado-pelas-guerrilhas-urbanas-ALN-e-Baader-Meinhof-e-sua-influencia-para-os-grupos-durante-sua-atuacao.pdf\">Como o Minimanual do Guerrilheiro Urbano foi utilizado pelas guerrilhas urbanas ALN e Baader Meinhof e sua influ\u00eancia para os grupos durante sua atua\u00e7\u00e3o<\/a><\/strong><br><em>Amanda Matos Valente, Luiz Carlos Vieira da Silva<\/em><\/p>\n","protected":false},"excerpt":{"rendered":"<p>SUM\u00c1RIO Editorial ARTIGOS Premissas te\u00f3ricas para a constru\u00e7\u00e3o de uma Uni\u00e3o Energ\u00e9tica EuropeiaBruno Rafael Maciel Trentini A evolu\u00e7\u00e3o da participa\u00e7\u00e3o chilena na UNASUL e no Conselho de Defesa SulAmericano (2008\u20132014) &nbsp; &nbsp;Lucas de Oliveira Ramos A import\u00e2ncia de indiv\u00edduos e ONGs japonesas na prote\u00e7\u00e3o de refugiados frente \u00e0 omiss\u00e3o do estadoSaph\u00edria Aoi Shimizu Pol\u00edtica Externa [&hellip;]<\/p>\n","protected":false},"author":1,"featured_media":0,"parent":0,"menu_order":0,"comment_status":"closed","ping_status":"closed","template":"","meta":[],"_links":{"self":[{"href":"http:\/\/www.rai.ufpr.br\/portal\/wp-json\/wp\/v2\/pages\/78"}],"collection":[{"href":"http:\/\/www.rai.ufpr.br\/portal\/wp-json\/wp\/v2\/pages"}],"about":[{"href":"http:\/\/www.rai.ufpr.br\/portal\/wp-json\/wp\/v2\/types\/page"}],"author":[{"embeddable":true,"href":"http:\/\/www.rai.ufpr.br\/portal\/wp-json\/wp\/v2\/users\/1"}],"replies":[{"embeddable":true,"href":"http:\/\/www.rai.ufpr.br\/portal\/wp-json\/wp\/v2\/comments?post=78"}],"version-history":[{"count":5,"href":"http:\/\/www.rai.ufpr.br\/portal\/wp-json\/wp\/v2\/pages\/78\/revisions"}],"predecessor-version":[{"id":158,"href":"http:\/\/www.rai.ufpr.br\/portal\/wp-json\/wp\/v2\/pages\/78\/revisions\/158"}],"wp:attachment":[{"href":"http:\/\/www.rai.ufpr.br\/portal\/wp-json\/wp\/v2\/media?parent=78"}],"curies":[{"name":"wp","href":"https:\/\/api.w.org\/{rel}","templated":true}]}}