{"id":218,"date":"2022-03-07T18:55:18","date_gmt":"2022-03-07T21:55:18","guid":{"rendered":"http:\/\/www.rai.ufpr.br\/portal\/?page_id=218"},"modified":"2022-06-23T18:55:23","modified_gmt":"2022-06-23T21:55:23","slug":"rai-v-7-n-1-2022","status":"publish","type":"page","link":"http:\/\/www.rai.ufpr.br\/portal\/rai-v-7-n-1-2022\/","title":{"rendered":"RAI V. 7, N. 1 (2022)"},"content":{"rendered":"\n<p><\/p>\n\n\n\n<div class=\"wp-block-image\"><figure class=\"aligncenter size-large is-resized\"><img loading=\"lazy\" src=\"http:\/\/www.rai.ufpr.br\/portal\/wp-content\/uploads\/2022\/03\/rai_original1-1.png\" alt=\"\" class=\"wp-image-239\" width=\"375\" height=\"530\" srcset=\"http:\/\/www.rai.ufpr.br\/portal\/wp-content\/uploads\/2022\/03\/rai_original1-1.png 679w, http:\/\/www.rai.ufpr.br\/portal\/wp-content\/uploads\/2022\/03\/rai_original1-1-212x300.png 212w\" sizes=\"(max-width: 375px) 100vw, 375px\" \/><\/figure><\/div>\n\n\n\n<h2>ARTIGOS<\/h2>\n\n\n\n<p><strong><a href=\"http:\/\/www.rai.ufpr.br\/portal\/wp-content\/uploads\/2022\/03\/As-Politicas-de-Segregacao-e-de-Apartheid-do-Estado-de-Israel-e-seu-Reflexo-no-Artivismo-Presente-no-Muro-da-Cisjordania.pdf\" data-type=\"URL\" target=\"_blank\" rel=\"noreferrer noopener\">As pol\u00edticas de segrega\u00e7\u00e3o e de apartheid do Estado israelense e seu reflexo no artivismo presente no muro da Cisjord\u00e2nia<\/a><\/strong><br><em>Mariana Romling Rotheia Andrade<\/em><\/p>\n\n\n\n<p><strong><strong><a rel=\"noreferrer noopener\" href=\"http:\/\/www.rai.ufpr.br\/portal\/wp-content\/uploads\/2022\/03\/Consideracoes-sobre-a-tematica-nuclear-e-politica-para-a-Coreia-do-Norte-em-meio-a-China-e-Estados-Unidos-2.pdf\" data-type=\"URL\" target=\"_blank\">Considera\u00e7\u00f5es sobre a tem\u00e1tica nuclear e pol\u00edtica para a Coreia do Norte em meio \u00e0 China e Estados Unidos<\/a><\/strong><\/strong><br><em>Gabriel Gavanski<\/em> <\/p>\n\n\n\n<p><a href=\"http:\/\/www.rai.ufpr.br\/portal\/wp-content\/uploads\/2022\/06\/O-USO-DO-SOFT-POWER-PARA-A-SOBERANIA-NACIONAL_-O-caso-da-Selecao-de-Futebol-de-Kosovo.docx.pdf\" data-type=\"URL\" data-id=\"http:\/\/www.rai.ufpr.br\/portal\/wp-content\/uploads\/2022\/06\/O-USO-DO-SOFT-POWER-PARA-A-SOBERANIA-NACIONAL_-O-caso-da-Selecao-de-Futebol-de-Kosovo.docx.pdf\" target=\"_blank\" rel=\"noreferrer noopener\"><strong>O uso do soft power para a soberania nacional: O caso da Sele\u00e7\u00e3o de Futebol de Kosovo<\/strong><\/a><br>Pietro Ferrari da Costa<\/p>\n\n\n\n<p><\/p>\n","protected":false},"excerpt":{"rendered":"<p>ARTIGOS As pol\u00edticas de segrega\u00e7\u00e3o e de apartheid do Estado israelense e seu reflexo no artivismo presente no muro da Cisjord\u00e2niaMariana Romling Rotheia Andrade Considera\u00e7\u00f5es sobre a tem\u00e1tica nuclear e pol\u00edtica para a Coreia do Norte em meio \u00e0 China e Estados UnidosGabriel Gavanski O uso do soft power para a soberania nacional: O caso [&hellip;]<\/p>\n","protected":false},"author":1,"featured_media":0,"parent":0,"menu_order":0,"comment_status":"closed","ping_status":"closed","template":"","meta":[],"_links":{"self":[{"href":"http:\/\/www.rai.ufpr.br\/portal\/wp-json\/wp\/v2\/pages\/218"}],"collection":[{"href":"http:\/\/www.rai.ufpr.br\/portal\/wp-json\/wp\/v2\/pages"}],"about":[{"href":"http:\/\/www.rai.ufpr.br\/portal\/wp-json\/wp\/v2\/types\/page"}],"author":[{"embeddable":true,"href":"http:\/\/www.rai.ufpr.br\/portal\/wp-json\/wp\/v2\/users\/1"}],"replies":[{"embeddable":true,"href":"http:\/\/www.rai.ufpr.br\/portal\/wp-json\/wp\/v2\/comments?post=218"}],"version-history":[{"count":10,"href":"http:\/\/www.rai.ufpr.br\/portal\/wp-json\/wp\/v2\/pages\/218\/revisions"}],"predecessor-version":[{"id":246,"href":"http:\/\/www.rai.ufpr.br\/portal\/wp-json\/wp\/v2\/pages\/218\/revisions\/246"}],"wp:attachment":[{"href":"http:\/\/www.rai.ufpr.br\/portal\/wp-json\/wp\/v2\/media?parent=218"}],"curies":[{"name":"wp","href":"https:\/\/api.w.org\/{rel}","templated":true}]}}