{"id":18,"date":"2021-05-27T16:20:08","date_gmt":"2021-05-27T19:20:08","guid":{"rendered":"http:\/\/www.rai.ufpr.br\/portal\/?page_id=18"},"modified":"2021-05-27T18:00:24","modified_gmt":"2021-05-27T21:00:24","slug":"normas-para-publicacao","status":"publish","type":"page","link":"http:\/\/www.rai.ufpr.br\/portal\/normas-para-publicacao\/","title":{"rendered":"Normas para publica\u00e7\u00e3o"},"content":{"rendered":"\n<h1><\/h1>\n\n\n\n<p>As normas para publica\u00e7\u00e3o de artigo ou resenha devem respeitar o limite m\u00ednimo de 10 ou 5 laudas, respectivamente (incluindo t\u00edtulo, resumo, palavras-chave em portugu\u00eas e ingl\u00eas, e refer\u00eancias). As orienta\u00e7\u00f5es de forma e estrutura seguem abaixo:<\/p>\n\n\n\n<p><strong>T\u00edtulo em caixa alta e baixa, em negrito&nbsp;<\/strong>(O t\u00edtulo deve conter no m\u00e1ximo 150 caracteres).<\/p>\n\n\n\n<p>T\u00edtulo original traduzido para a l\u00edngua inglesa, em caixa alta e baixa, sem negrito.<\/p>\n\n\n\n<p><strong>Nome do autor<\/strong><a href=\"http:\/\/www.humanas.ufpr.br\/NEPRI\/Boletim\/normas%2520Boletim.doc#_ftn1\"><strong>[1]<\/strong><\/a><strong>.<\/strong><\/p>\n\n\n\n<p>(Ap\u00f3s o nome do autor, inserir nota de rodap\u00e9 com titula\u00e7\u00e3o, vincula\u00e7\u00e3o institucional, cidade e pa\u00eds de resid\u00eancia).<\/p>\n\n\n\n<p><strong>RESUMO<\/strong><\/p>\n\n\n\n<p>Com at\u00e9 05 linhas; deve sintetizar o objetivo geral do paper e suas principais conclus\u00f5es.<\/p>\n\n\n\n<p><strong>Palavras-chave<\/strong>: at\u00e9 3 palavras, separadas por ponto e v\u00edrgula.<\/p>\n\n\n\n<p><strong>ABSTRACT<\/strong><\/p>\n\n\n\n<p><em>&nbsp;Em it\u00e1lico. Tradu\u00e7\u00e3o do resumo para a l\u00edngua inglesa.<\/em><\/p>\n\n\n\n<p><strong>Key-words:<\/strong>&nbsp;tradu\u00e7\u00e3o das palavras-chave utilizadas no resumo para a l\u00edngua inglesa, separadas por ponto e v\u00edrgula.<\/p>\n\n\n\n<p><strong>APRESENTA\u00c7\u00c3O GR\u00c1FICA<\/strong>:<\/p>\n\n\n\n<p>Arquivos em Word \u2013 97-2003 (.doc)<\/p>\n\n\n\n<p>Folha A4;<\/p>\n\n\n\n<p>Margens: superior 3 cm; Inferior 2 cm; Esquerda 3 cm; Direita 2 cm.<\/p>\n\n\n\n<p>Letra: fonte Arial; Tamanho 12 para o texto e 10 para cita\u00e7\u00f5es literais e notas de rodap\u00e9.<\/p>\n\n\n\n<p>Espa\u00e7amento:<\/p>\n\n\n\n<p>1,5 para o texto;<\/p>\n\n\n\n<p>Simples para as cita\u00e7\u00f5es literais e para as notas de rodap\u00e9;<\/p>\n\n\n\n<p>Os par\u00e1grafos devem ser justificados, com 1,5 cm da margem esquerda;<\/p>\n\n\n\n<p>Par\u00e1grafos de cita\u00e7\u00f5es literais devem adotar 4 cm de margem esquerda;<\/p>\n\n\n\n<p>Todos os par\u00e1grafos devem adotar &nbsp;espa\u00e7amento ANTES de 6 pts.<\/p>\n\n\n\n<p>Pagina\u00e7\u00e3o em algarismos ar\u00e1bicos sequenciais no final da p\u00e1gina, \u00e0 direita.<\/p>\n\n\n\n<p><strong>REFER\u00caNCIAS BIBLIOGR\u00c1FICAS<\/strong><\/p>\n\n\n\n<p>As refer\u00eancias utilizadas devem ser inseridas no final do&nbsp;<em>paper<\/em>, listadas em ordem alfab\u00e9tica, obedecendo \u00e0s normas da ABNT. Os par\u00e1grafos das refer\u00eancias devem ser justificados, com espa\u00e7amento simples, deslocamento de 0,8 cm e espa\u00e7amento antes de 6 pts, seguindo o modelo abaixo:<\/p>\n\n\n\n<p><strong>VILLA<\/strong>, Rafael Duarte;&nbsp;<strong>CORDEIRO<\/strong>, F\u00e1bio Cereda. Ganhos relativos ou pol\u00edtica dom\u00e9stica? Os tratados do Canal do Panam\u00e1 como um jogo de dois n\u00edveis.&nbsp;<em>Contexto Internacional<\/em>, Rio de Janeiro, vol. 28, n. 2, p. 301-353, 2006.<\/p>\n\n\n\n<p><strong>Livro<\/strong>: SOBRENOME, Nome completo. T\u00edtulo em it\u00e1lico: subt\u00edtulo. N\u00famero da edi\u00e7\u00e3o. Local da publica\u00e7\u00e3o: Nome da editora, ano.<\/p>\n\n\n\n<p><strong>Colet\u00e2nea<\/strong>: SOBRENOME, Nome completo. T\u00edtulo do cap\u00edtulo. In: SOBRENOME, Nome completo do(s) organizador(es). T\u00edtulo da colet\u00e2nea em it\u00e1lico: subt\u00edtulo. N\u00famero da edi\u00e7\u00e3o. Local da publica\u00e7\u00e3o: Nome da Editora, ano.<\/p>\n\n\n\n<p><strong>Artigo em peri\u00f3dicos<\/strong>: SOBRENOME, Nome completo. T\u00edtulo do artigo. Nome do peri\u00f3dico em it\u00e1lico, local da publica\u00e7\u00e3o, volume e n\u00famero do peri\u00f3dico, intervalo de p\u00e1ginas do artigo, per\u00edodo da publica\u00e7\u00e3o, ano.<\/p>\n\n\n\n<p><strong>Disserta\u00e7\u00f5es e Teses<\/strong>: SOBRENOME, Nome completo. T\u00edtulo em it\u00e1lico. Local. Disserta\u00e7\u00e3o (mestrado) ou Tese (doutorado) (Grau acad\u00eamico e \u00e1rea de estudos). Institui\u00e7\u00e3o em que foi apresentada, ano.<\/p>\n\n\n\n<p><strong>Internet<\/strong>&nbsp;(documentos eletr\u00f4nicos): SOBRENOME, Nome completo. T\u00edtulo em it\u00e1lico. Dispon\u00edvel em: endere\u00e7o de acesso; Data de acesso.<\/p>\n\n\n\n<p>Para dirimir d\u00favidas, \u00e9 poss\u00edvel consultar a normaliza\u00e7\u00e3o de trabalhos acad\u00eamicos da UFPR, dispon\u00edvel em&nbsp;<a href=\"http:\/\/www.portal.ufpr.br\/normalizacao.html\">http:\/\/www.portal.ufpr.br\/normalizacao.html<\/a>.<\/p>\n\n\n\n<hr class=\"wp-block-separator\"\/>\n\n\n\n<p>&nbsp;<a href=\"http:\/\/www.humanas.ufpr.br\/NEPRI\/Boletim\/normas%2520Boletim.doc#_ftnref1\">[1]<\/a>&nbsp;Titula\u00e7\u00e3o, vincula\u00e7\u00e3o institucional, cidade de resid\u00eancia e pa\u00eds. Exemplo: Mestrando em Ci\u00eancia Pol\u00edtica, UFPR, Curitiba, Brasil.<\/p>\n","protected":false},"excerpt":{"rendered":"<p>As normas para publica\u00e7\u00e3o de artigo ou resenha devem respeitar o limite m\u00ednimo de 10 ou 5 laudas, respectivamente (incluindo t\u00edtulo, resumo, palavras-chave em portugu\u00eas e ingl\u00eas, e refer\u00eancias). As orienta\u00e7\u00f5es de forma e estrutura seguem abaixo: T\u00edtulo em caixa alta e baixa, em negrito&nbsp;(O t\u00edtulo deve conter no m\u00e1ximo 150 caracteres). T\u00edtulo original traduzido [&hellip;]<\/p>\n","protected":false},"author":1,"featured_media":0,"parent":0,"menu_order":0,"comment_status":"closed","ping_status":"closed","template":"","meta":[],"_links":{"self":[{"href":"http:\/\/www.rai.ufpr.br\/portal\/wp-json\/wp\/v2\/pages\/18"}],"collection":[{"href":"http:\/\/www.rai.ufpr.br\/portal\/wp-json\/wp\/v2\/pages"}],"about":[{"href":"http:\/\/www.rai.ufpr.br\/portal\/wp-json\/wp\/v2\/types\/page"}],"author":[{"embeddable":true,"href":"http:\/\/www.rai.ufpr.br\/portal\/wp-json\/wp\/v2\/users\/1"}],"replies":[{"embeddable":true,"href":"http:\/\/www.rai.ufpr.br\/portal\/wp-json\/wp\/v2\/comments?post=18"}],"version-history":[{"count":2,"href":"http:\/\/www.rai.ufpr.br\/portal\/wp-json\/wp\/v2\/pages\/18\/revisions"}],"predecessor-version":[{"id":39,"href":"http:\/\/www.rai.ufpr.br\/portal\/wp-json\/wp\/v2\/pages\/18\/revisions\/39"}],"wp:attachment":[{"href":"http:\/\/www.rai.ufpr.br\/portal\/wp-json\/wp\/v2\/media?parent=18"}],"curies":[{"name":"wp","href":"https:\/\/api.w.org\/{rel}","templated":true}]}}