{"id":14,"date":"2021-05-27T16:19:10","date_gmt":"2021-05-27T19:19:10","guid":{"rendered":"http:\/\/www.rai.ufpr.br\/portal\/?page_id=14"},"modified":"2021-06-16T13:53:36","modified_gmt":"2021-06-16T16:53:36","slug":"apresentacao","status":"publish","type":"page","link":"http:\/\/www.rai.ufpr.br\/portal\/","title":{"rendered":"Apresenta\u00e7\u00e3o"},"content":{"rendered":"\n<p>A<strong>&nbsp;Revista de An\u00e1lise Internacional<\/strong>&nbsp;(ISSN: 2594-3839) \u00e9 uma publica\u00e7\u00e3o de fluxo cont\u00ednuo e semestral do N\u00facleo de Pesquisa em Rela\u00e7\u00f5es Internacionais da Universidade Federal do Paran\u00e1 destinado a reunir contribui\u00e7\u00f5es produzidas por graduados, graduandos e estudantes de p\u00f3s-gradua\u00e7\u00e3o em Rela\u00e7\u00f5es Internacionais e \u00e1reas afins. A revista re\u00fane an\u00e1lises sobre temas dentro da grande \u00e1rea de rela\u00e7\u00f5es internacionais.<\/p>\n\n\n\n<p>Os artigos e resenhas in\u00e9ditos devem ser encaminhados para o e-mail dos Editores Executivos: rai.nepri@gmail.com<\/p>\n\n\n\n<p><\/p>\n\n\n\n<p><\/p>\n\n\n\n<h2><strong>INFORMA\u00c7\u00c3O AOS AUTORES<\/strong><\/h2>\n\n\n\n<p>Os artigos e resenhas devem conter&nbsp;no m\u00ednimo&nbsp;10 p\u00e1ginas. Os mesmos devem ser redigidos de forma clara e concisa, tendo como objetivo n\u00e3o o esgotamento do assunto, mas examinar determinado tema da grande \u00e1rea das rela\u00e7\u00f5es internacionais.<\/p>\n\n\n\n<p>Os artigos e resenhas ser\u00e3o submetidos \u00e0 aprecia\u00e7\u00e3o de membros do Conselho Editorial e do Conselho Consultivo. Cada contribui\u00e7\u00e3o \u00e0&nbsp;<strong>Revista de An\u00e1lise Internacional<\/strong>&nbsp;ser\u00e1 submetida a dois pareceristas, segundo o sistema&nbsp;<em>blind review<\/em>. Os pareceres podem: (a) aceitar a contribui\u00e7\u00e3o sem altera\u00e7\u00f5es; (b) aceitar a contribui\u00e7\u00e3o mediante a incorpora\u00e7\u00e3o das recomenda\u00e7\u00f5es dos pareceristas; (c) rejeitar a contribui\u00e7\u00e3o submetida.<\/p>\n\n\n\n<p>Os editores da&nbsp;<strong>Revista de An\u00e1lise Internacional<\/strong>&nbsp;reservam-se o direito de adequar os textos submetidos ao padr\u00e3o de formata\u00e7\u00e3o editorial da revista.<\/p>\n\n\n\n<p>As contribui\u00e7\u00f5es devem ser enviadas para o e-mail dos editores executivos:&nbsp;<a href=\"mailto:rai.nepri@gmail.com\">rai.nepri@gmail.com<\/a><\/p>\n\n\n\n<p>Os artigos e resenhas assinados s\u00e3o de responsabilidade de seus autores, n\u00e3o expressando a opini\u00e3o dos editores da&nbsp;<strong>Revista de An\u00e1lise Internacional<\/strong>.<\/p>\n\n\n\n<p><\/p>\n\n\n\n<p><\/p>\n\n\n\n<h2><strong>POL\u00cdTICA EDITORIAL<\/strong><\/h2>\n\n\n\n<p><strong>Revista de An\u00e1lise Internacional<\/strong>&nbsp;\u00e9 uma publica\u00e7\u00e3o semestral com o objetivo de divulgar a produ\u00e7\u00e3o acad\u00eamica sobre diversos temas pertinentes \u00e0 grande \u00e1rea de rela\u00e7\u00f5es internacionais.<\/p>\n\n\n\n<p>Al\u00e9m dos artigos, a publica\u00e7\u00e3o aceitar\u00e1 textos na forma de resenhas cr\u00edticas de livros da \u00e1rea. As contribui\u00e7\u00f5es devem obedecer \u00e0s normas da&nbsp;<strong>Revista de An\u00e1lise Internacional<\/strong>&nbsp;e n\u00e3o devem ultrapassar 12 p\u00e1ginas, incluindo as refer\u00eancias bibliogr\u00e1ficas. A contribui\u00e7\u00e3o ao tema e a originalidade e consist\u00eancia da abordagem, entre outros crit\u00e9rios, ser\u00e3o avaliados por pares, por interm\u00e9dio do sistema&nbsp;<em>blind review<\/em>, no qual os pareceristas s\u00e3o mantidos no anonimato. Os autores ter\u00e3o acesso \u00e0s sugest\u00f5es e \u00e0s recomenda\u00e7\u00f5es desses pareceristas.<\/p>\n\n\n\n<p>Esta publica\u00e7\u00e3o \u00e9 uma iniciativa do N\u00facleo de Pesquisa em Rela\u00e7\u00f5es Internacionais da Universidade Federal do Paran\u00e1 e estar\u00e1 aberta \u00e0 submiss\u00e3o de propostas de artigos e resenhas in\u00e9ditos, por graduados, graduandos e estudantes de p\u00f3s-gradua\u00e7\u00e3o<em>&nbsp;<\/em>em Rela\u00e7\u00f5es Internacionais e \u00e1reas afins.<\/p>\n\n\n\n<p><strong>Revista de An\u00e1lise Internacional&nbsp;<\/strong>ser\u00e1 composta por duas sess\u00f5es: propostas de artigos e resenhas in\u00e9ditas; por graduados, graduandos e estudantes de p\u00f3s-gradua\u00e7\u00e3o<em>latu sensu<\/em>&nbsp;em Rela\u00e7\u00f5es Internacionais e \u00e1reas afins. Al\u00e9m de artigos escritos em portugu\u00eas, tamb\u00e9m ser\u00e3o aceitos textos em ingl\u00eas.<\/p>\n\n\n\n<p>Os temas aceitos para publica\u00e7\u00e3o incluem: Estudos Estrat\u00e9gicos; Estudos de Seguran\u00e7a e Defesa; Organiza\u00e7\u00f5es Internacionais; Estudos de Pol\u00edticas Externas; Pol\u00edtica Externa dos Estados Unidos; Estudos Regionais; Pol\u00edtica Externa Brasileira; Economia Pol\u00edtica; Teoria das Rela\u00e7\u00f5es Internacionais; Sociologia das Rela\u00e7\u00f5es Internacionais; Direito Internacional; Integra\u00e7\u00e3o; Geopol\u00edtica; Paradiplomacia; Cultura; Novos Atores; Governan\u00e7a Global; Direitos Humanos.<\/p>\n\n\n\n<h2>POL\u00cdTICA DE ACESSO LIVRE<\/h2>\n\n\n\n<p>Esta revista oferece acesso livre imediato ao seu conte\u00fado, seguindo o princ\u00edpio de que disponibilizar gratuitamente o conhecimento cient\u00edfico ao p\u00fablico proporciona maior democratiza\u00e7\u00e3o mundial do conhecimento. N\u00e3o ser\u00e1 cobrado nenhum tipo de taxa ao longo do processo de submiss\u00e3o de trabalhos e publica\u00e7\u00e3o da revista, bem como para leitura, download, c\u00f3pia, distribui\u00e7\u00e3o, impress\u00e3o, pesquisa ou refer\u00eancia ap\u00f3s sua publica\u00e7\u00e3o.<\/p>\n\n\n\n<p><\/p>\n\n\n\n<div class=\"wp-block-image\"><figure class=\"aligncenter\"><a href=\"https:\/\/creativecommons.org\/licenses\/by\/4.0\/\"><img src=\"https:\/\/i.creativecommons.org\/l\/by\/4.0\/88x31.png\" alt=\"Creative Commons License\"\/><\/a><\/figure><\/div>\n\n\n\n<pre class=\"wp-block-verse has-text-align-center\">This work is licensed under a&nbsp;<a href=\"https:\/\/creativecommons.org\/licenses\/by\/4.0\/\">Creative Commons Attribution 4.0 International License<\/a>.<\/pre>\n","protected":false},"excerpt":{"rendered":"<p>A&nbsp;Revista de An\u00e1lise Internacional&nbsp;(ISSN: 2594-3839) \u00e9 uma publica\u00e7\u00e3o de fluxo cont\u00ednuo e semestral do N\u00facleo de Pesquisa em Rela\u00e7\u00f5es Internacionais da Universidade Federal do Paran\u00e1 destinado a reunir contribui\u00e7\u00f5es produzidas por graduados, graduandos e estudantes de p\u00f3s-gradua\u00e7\u00e3o em Rela\u00e7\u00f5es Internacionais e \u00e1reas afins. A revista re\u00fane an\u00e1lises sobre temas dentro da grande \u00e1rea de rela\u00e7\u00f5es [&hellip;]<\/p>\n","protected":false},"author":1,"featured_media":0,"parent":0,"menu_order":0,"comment_status":"closed","ping_status":"closed","template":"","meta":[],"_links":{"self":[{"href":"http:\/\/www.rai.ufpr.br\/portal\/wp-json\/wp\/v2\/pages\/14"}],"collection":[{"href":"http:\/\/www.rai.ufpr.br\/portal\/wp-json\/wp\/v2\/pages"}],"about":[{"href":"http:\/\/www.rai.ufpr.br\/portal\/wp-json\/wp\/v2\/types\/page"}],"author":[{"embeddable":true,"href":"http:\/\/www.rai.ufpr.br\/portal\/wp-json\/wp\/v2\/users\/1"}],"replies":[{"embeddable":true,"href":"http:\/\/www.rai.ufpr.br\/portal\/wp-json\/wp\/v2\/comments?post=14"}],"version-history":[{"count":17,"href":"http:\/\/www.rai.ufpr.br\/portal\/wp-json\/wp\/v2\/pages\/14\/revisions"}],"predecessor-version":[{"id":196,"href":"http:\/\/www.rai.ufpr.br\/portal\/wp-json\/wp\/v2\/pages\/14\/revisions\/196"}],"wp:attachment":[{"href":"http:\/\/www.rai.ufpr.br\/portal\/wp-json\/wp\/v2\/media?parent=14"}],"curies":[{"name":"wp","href":"https:\/\/api.w.org\/{rel}","templated":true}]}}