{"id":127,"date":"2021-05-27T20:12:38","date_gmt":"2021-05-27T23:12:38","guid":{"rendered":"http:\/\/www.rai.ufpr.br\/portal\/?page_id=127"},"modified":"2021-05-29T19:50:37","modified_gmt":"2021-05-29T22:50:37","slug":"rai-v-5-n-2-2020","status":"publish","type":"page","link":"http:\/\/www.rai.ufpr.br\/portal\/rai-v-5-n-2-2020\/","title":{"rendered":"RAI v.5 n.2 (2020)"},"content":{"rendered":"\n<div class=\"wp-block-image\"><figure class=\"aligncenter is-resized\"><img loading=\"lazy\" src=\"http:\/\/www.humanas.ufpr.br\/portal\/nepri\/files\/2020\/09\/119488804_338695724154680_624443476841687477_n-2.png\" alt=\"\" width=\"382\" height=\"540\"\/><\/figure><\/div>\n\n\n\n<h2>SUM\u00c1RIO<\/h2>\n\n\n\n<p><\/p>\n\n\n\n<h2>ARTIGOS<\/h2>\n\n\n\n<p><strong><a href=\"http:\/\/www.rai.ufpr.br\/portal\/wp-content\/uploads\/2021\/05\/Investimento-governamental-em-educacao-e-desenvolvimento-economico-uma-analise-comparada.pdf\">Investimento governamental em educa\u00e7\u00e3o e desenvolvimento econ\u00f4mico: uma an\u00e1lise comparada<\/a><\/strong><br><em>Dion\u00e9ia Gabrieli Valk<br>Nat\u00e1lia Hedlund Jardim<\/em><\/p>\n\n\n\n<p><strong><a href=\"http:\/\/www.rai.ufpr.br\/portal\/wp-content\/uploads\/2021\/05\/As-relacoes-bilaterais-entre-o-Brasil-e-o-Uruguai-no-setor-energetico-durante-os-governos-Dilma-Rousseff-e-Jose-Mujica.pdf\">As rela\u00e7\u00f5es bilaterais entre o Brasil e o Uruguai no setor energ\u00e9tico durante os governos Dilma Rousseff e Jos\u00e9 Mujica<\/a>&nbsp;<\/strong>&nbsp;<br><em>Jaiara Alane Alane Silva de Ara\u00fajo<br>Lucas Mondin Scherer<br>Danilo Rodrigues Reis Junior<\/em><\/p>\n\n\n\n<p><strong><a href=\"http:\/\/www.rai.ufpr.br\/portal\/wp-content\/uploads\/2021\/05\/Do-Efeito-CNN-ao-Efeito-Al-Jazeera-a-midia-como-ator-das-Relacoes-Internacionais.pdf\">Do Efeito CNN ao Efeito Al Jazeera: a m\u00eddia como ator das Rela\u00e7\u00f5es Internacionais<\/a><\/strong><br><em>Georgia Godoy Rodrigues<\/em><\/p>\n\n\n\n<p><strong><a href=\"http:\/\/www.rai.ufpr.br\/portal\/wp-content\/uploads\/2021\/05\/A-construcao-da-identidade-e-a-politica-externa-Getulio-Vargas-e-Juan-Domingo-Peron.pdf\">A constru\u00e7\u00e3o da identidade e a pol\u00edtica externa: Get\u00falio Vargas e Juan Domingo Per\u00f3n<\/a><\/strong><br><em>Paula Martinez Lucena<br>Paula Mirana de Sousa Ramos<\/em><\/p>\n","protected":false},"excerpt":{"rendered":"<p>SUM\u00c1RIO ARTIGOS Investimento governamental em educa\u00e7\u00e3o e desenvolvimento econ\u00f4mico: uma an\u00e1lise comparadaDion\u00e9ia Gabrieli ValkNat\u00e1lia Hedlund Jardim As rela\u00e7\u00f5es bilaterais entre o Brasil e o Uruguai no setor energ\u00e9tico durante os governos Dilma Rousseff e Jos\u00e9 Mujica&nbsp;&nbsp;Jaiara Alane Alane Silva de Ara\u00fajoLucas Mondin SchererDanilo Rodrigues Reis Junior Do Efeito CNN ao Efeito Al Jazeera: a m\u00eddia [&hellip;]<\/p>\n","protected":false},"author":1,"featured_media":0,"parent":0,"menu_order":0,"comment_status":"closed","ping_status":"closed","template":"","meta":[],"_links":{"self":[{"href":"http:\/\/www.rai.ufpr.br\/portal\/wp-json\/wp\/v2\/pages\/127"}],"collection":[{"href":"http:\/\/www.rai.ufpr.br\/portal\/wp-json\/wp\/v2\/pages"}],"about":[{"href":"http:\/\/www.rai.ufpr.br\/portal\/wp-json\/wp\/v2\/types\/page"}],"author":[{"embeddable":true,"href":"http:\/\/www.rai.ufpr.br\/portal\/wp-json\/wp\/v2\/users\/1"}],"replies":[{"embeddable":true,"href":"http:\/\/www.rai.ufpr.br\/portal\/wp-json\/wp\/v2\/comments?post=127"}],"version-history":[{"count":2,"href":"http:\/\/www.rai.ufpr.br\/portal\/wp-json\/wp\/v2\/pages\/127\/revisions"}],"predecessor-version":[{"id":162,"href":"http:\/\/www.rai.ufpr.br\/portal\/wp-json\/wp\/v2\/pages\/127\/revisions\/162"}],"wp:attachment":[{"href":"http:\/\/www.rai.ufpr.br\/portal\/wp-json\/wp\/v2\/media?parent=127"}],"curies":[{"name":"wp","href":"https:\/\/api.w.org\/{rel}","templated":true}]}}