{"id":122,"date":"2021-05-27T20:07:57","date_gmt":"2021-05-27T23:07:57","guid":{"rendered":"http:\/\/www.rai.ufpr.br\/portal\/?page_id=122"},"modified":"2021-05-29T19:50:47","modified_gmt":"2021-05-29T22:50:47","slug":"rai-v-5-n-1-2020","status":"publish","type":"page","link":"http:\/\/www.rai.ufpr.br\/portal\/rai-v-5-n-1-2020\/","title":{"rendered":"RAI v.5, n.1 (2020)"},"content":{"rendered":"\n<div class=\"wp-block-image\"><figure class=\"aligncenter is-resized\"><img loading=\"lazy\" src=\"http:\/\/www.humanas.ufpr.br\/portal\/nepri\/files\/2020\/06\/103447928_2620579781562919_2436980873949238896_n.png\" alt=\"\" width=\"393\" height=\"556\"\/><\/figure><\/div>\n\n\n\n<h2>SUM\u00c1RIO<\/h2>\n\n\n\n<p><\/p>\n\n\n\n<h2>ARTIGOS<\/h2>\n\n\n\n<p><strong><a href=\"http:\/\/www.rai.ufpr.br\/portal\/wp-content\/uploads\/2021\/05\/A-insercao-da-Vale-em-Mocambique-e-os-Direitos-Humanos-O-caso-de-deslocamentos-forcados-e-violacao-ambiental-na-vila-de-Moatize.pdf\">A inser\u00e7\u00e3o da Vale em Mo\u00e7ambique e os Direitos Humanos: O caso de deslocamentos for\u00e7ados e viola\u00e7\u00e3o ambiental na vila de Moatize<\/a><\/strong><br><em>Chintungane Sebasti\u00e3o ChachuaioIsis Aparecida Concei\u00e7\u00e3o<\/em><\/p>\n\n\n\n<p><a href=\"http:\/\/www.rai.ufpr.br\/portal\/wp-content\/uploads\/2021\/05\/Brasil-como-ilha-metaforica-e-continental-sua-insularidade-e-insercao-no-mundo.pdf\"><strong>Brasil como ilha metaf\u00f3rica e continental: sua insularidade e inser\u00e7\u00e3o no mundo<\/strong>&nbsp;<\/a><br><em>Jonathann Schultz Fuly<\/em><\/p>\n","protected":false},"excerpt":{"rendered":"<p>SUM\u00c1RIO ARTIGOS A inser\u00e7\u00e3o da Vale em Mo\u00e7ambique e os Direitos Humanos: O caso de deslocamentos for\u00e7ados e viola\u00e7\u00e3o ambiental na vila de MoatizeChintungane Sebasti\u00e3o ChachuaioIsis Aparecida Concei\u00e7\u00e3o Brasil como ilha metaf\u00f3rica e continental: sua insularidade e inser\u00e7\u00e3o no mundo&nbsp;Jonathann Schultz Fuly<\/p>\n","protected":false},"author":1,"featured_media":0,"parent":0,"menu_order":0,"comment_status":"closed","ping_status":"closed","template":"","meta":[],"_links":{"self":[{"href":"http:\/\/www.rai.ufpr.br\/portal\/wp-json\/wp\/v2\/pages\/122"}],"collection":[{"href":"http:\/\/www.rai.ufpr.br\/portal\/wp-json\/wp\/v2\/pages"}],"about":[{"href":"http:\/\/www.rai.ufpr.br\/portal\/wp-json\/wp\/v2\/types\/page"}],"author":[{"embeddable":true,"href":"http:\/\/www.rai.ufpr.br\/portal\/wp-json\/wp\/v2\/users\/1"}],"replies":[{"embeddable":true,"href":"http:\/\/www.rai.ufpr.br\/portal\/wp-json\/wp\/v2\/comments?post=122"}],"version-history":[{"count":3,"href":"http:\/\/www.rai.ufpr.br\/portal\/wp-json\/wp\/v2\/pages\/122\/revisions"}],"predecessor-version":[{"id":163,"href":"http:\/\/www.rai.ufpr.br\/portal\/wp-json\/wp\/v2\/pages\/122\/revisions\/163"}],"wp:attachment":[{"href":"http:\/\/www.rai.ufpr.br\/portal\/wp-json\/wp\/v2\/media?parent=122"}],"curies":[{"name":"wp","href":"https:\/\/api.w.org\/{rel}","templated":true}]}}